{"id":649,"date":"2024-07-16T10:07:26","date_gmt":"2024-07-16T07:07:26","guid":{"rendered":"http:\/\/rytasvilnius.loc\/?page_id=649"},"modified":"2024-07-19T12:45:51","modified_gmt":"2024-07-19T09:45:51","slug":"b-tribuna","status":"publish","type":"page","link":"https:\/\/rytasvilnius.staging-lab.dev\/en\/community\/b-tribuna\/","title":{"rendered":"Ultras"},"content":{"rendered":"<p>The &#8220;B Tribune&#8221; is the official ultra sector of the &#8220;Rytas&#8221; team, which creates organized support.<\/p>\n<p><span id=\"result_box\"><span title=\"Palaikymas paremtas melodingomis dainomis ir skanduot\u0117mis.\">Support is based on melodious songs and chants.\u00a0<\/span><span title=\"\u201eSiemens\u201c arenoje esame \u012fsik\u016br\u0119 115 sektoriuje.\">At Jeep arena we are located in A sector.\u00a0<\/span><span title=\"Pagrindin\u0117 m\u016bs\u0173 taisykl\u0117 \u2013 vis\u0173 rungtyni\u0173 metu stov\u0117ti ir kuo garsiau palaikyti ekip\u0105.\">Our main rule is to stand up and support the team as loudly as possible.\u00a0<\/span><span title=\"Kartais vaizdin\u012f palaikym\u0105 pagyviname \u012fvairiais atributais (paklod\u0117mis, v\u0117liavomis, konfeti ir pan.), retkar\u010diais \u2013 naudojame pirotechnikos priemones.\n\n\">Sometimes visual support is enhanced by various attributes (sheets, flags, confetti, etc.), occasionally we use pyrotechnic implements.<\/p>\n<p><\/span><span title=\"\u201eB Trib\u016bna\u201c egzistuoja nuo 1998 met\u0173 gruod\u017eio 8 dienos ir skai\u010diuoja jau 19-tus gyvavimo metus.\">The &#8220;B Tribune&#8221; was founded in December 8, 1998, and has been counting for the 24th year of existence.\u00a0<\/span><span title=\"\u201eB Trib\u016bna\u201c palaikym\u0105 organizuoja visose rungtyn\u0117se Lietuvoje, tiek namuose, tiek i\u0161vykose.\">The &#8220;B Tribune&#8221; organizes support in all matches in Lithuania, both at home and away.\u00a0<\/span><span title=\"Taip pat, kiek leid\u017eia galimyb\u0117s, stengiam\u0117s keliauti paskui klub\u0105 europin\u0117se rungtyn\u0117se.\n\n\">Also, as far as possible, we try to travel after the club in European matches.<\/p>\n<p><\/span><span title=\"Kiekviename ma\u010de labai laukiame naujok\u0173, norin\u010di\u0173 prisijungti prie m\u016bs\u0173.\">In every game, we are very welcome newbies who want to join us.\u00a0<\/span><span title=\"Tam tiesiog reikia ateiti \u012f sektori\u0173 ir kartu palaikyti komand\u0105.\">It just needs to come to the sector and support the team together.\u00a0<\/span><span title=\"Ne kiekvienas, at\u0117j\u0119s trib\u016bn\u0105, i\u0161kart tampa ultra.\">Not everyone who arrives at the tribune immediately becomes ultra.\u00a0<\/span><span title=\"Gali b\u016bti paprastu komandos aistruoliu ir palaikyti mylim\u0105 komand\u0105 m\u016bs\u0173 stiliumi, o taip j\u0105 palaikyti labai smagu.\">It&#8217;s possible to be a simple team fan and to support a loved team in our style, and it&#8217;s very fun to keep it together.\u00a0<\/span><span title=\"Ateik ir \u012fsitikink!\n\n\">Come and see!<\/p>\n<p><\/span><span title=\"Nor\u0117dami su\u017einoti daugiau galite kreiptis \u012f mus feisbuke arba u\u017esukite \u012f m\u016bs\u0173 puslap\u012f www.btribuna.lt\">To find out more, you can contact us at &#8220;Facebook&#8221; or visit our website www.btribuna.lt<\/span><\/span><\/p>\n","protected":false},"excerpt":{"rendered":"<p>The &#8220;B Tribune&#8221; is the official ultra sector of the &#8220;Rytas&#8221; team, which creates organized support. Support is based on melodious songs and chants.\u00a0At Jeep arena we are located in A sector.\u00a0Our main rule is to stand up and support the team as loudly as possible.\u00a0Sometimes visual support is enhanced by various attributes (sheets, flags, [&hellip;]<\/p>\n","protected":false},"author":1,"featured_media":0,"parent":646,"menu_order":0,"comment_status":"closed","ping_status":"closed","template":"","meta":{"_acf_changed":false,"inline_featured_image":false,"footnotes":""},"class_list":["post-649","page","type-page","status-publish","hentry"],"acf":[],"yoast_head":"<!-- This site is optimized with the Yoast SEO plugin v23.0 - https:\/\/yoast.com\/wordpress\/plugins\/seo\/ -->\n<title>Ultras - Vilniaus \u201eRYTAS\u201c<\/title>\n<meta name=\"robots\" content=\"noindex, follow, max-snippet:-1, max-image-preview:large, max-video-preview:-1\" \/>\n<meta property=\"og:locale\" content=\"en_US\" \/>\n<meta property=\"og:type\" content=\"article\" \/>\n<meta property=\"og:title\" content=\"Ultras - Vilniaus \u201eRYTAS\u201c\" \/>\n<meta property=\"og:description\" content=\"The &#8220;B Tribune&#8221; is the official ultra sector of the &#8220;Rytas&#8221; team, which creates organized support. Support is based on melodious songs and chants.\u00a0At Jeep arena we are located in A sector.\u00a0Our main rule is to stand up and support the team as loudly as possible.\u00a0Sometimes visual support is enhanced by various attributes (sheets, flags, [&hellip;]\" \/>\n<meta property=\"og:url\" content=\"https:\/\/rytasvilnius.staging-lab.dev\/en\/community\/b-tribuna\/\" \/>\n<meta property=\"og:site_name\" content=\"Vilniaus \u201eRYTAS\u201c\" \/>\n<meta property=\"article:modified_time\" content=\"2024-07-19T09:45:51+00:00\" \/>\n<meta name=\"twitter:card\" content=\"summary_large_image\" \/>\n<meta name=\"twitter:label1\" content=\"Est. reading time\" \/>\n\t<meta name=\"twitter:data1\" content=\"1 minute\" \/>\n<script type=\"application\/ld+json\" class=\"yoast-schema-graph\">{\"@context\":\"https:\/\/schema.org\",\"@graph\":[{\"@type\":\"WebPage\",\"@id\":\"https:\/\/rytasvilnius.staging-lab.dev\/en\/community\/b-tribuna\/\",\"url\":\"https:\/\/rytasvilnius.staging-lab.dev\/en\/community\/b-tribuna\/\",\"name\":\"Ultras - Vilniaus \u201eRYTAS\u201c\",\"isPartOf\":{\"@id\":\"https:\/\/rytasvilnius.staging-lab.dev\/en\/#website\"},\"datePublished\":\"2024-07-16T07:07:26+00:00\",\"dateModified\":\"2024-07-19T09:45:51+00:00\",\"breadcrumb\":{\"@id\":\"https:\/\/rytasvilnius.staging-lab.dev\/en\/community\/b-tribuna\/#breadcrumb\"},\"inLanguage\":\"en-US\",\"potentialAction\":[{\"@type\":\"ReadAction\",\"target\":[\"https:\/\/rytasvilnius.staging-lab.dev\/en\/community\/b-tribuna\/\"]}]},{\"@type\":\"BreadcrumbList\",\"@id\":\"https:\/\/rytasvilnius.staging-lab.dev\/en\/community\/b-tribuna\/#breadcrumb\",\"itemListElement\":[{\"@type\":\"ListItem\",\"position\":1,\"name\":\"bcvilnius.lt\",\"item\":\"https:\/\/rytasvilnius.staging-lab.dev\/en\/\"},{\"@type\":\"ListItem\",\"position\":2,\"name\":\"Community\",\"item\":\"https:\/\/rytasvilnius.staging-lab.dev\/en\/community\/\"},{\"@type\":\"ListItem\",\"position\":3,\"name\":\"Ultras\"}]},{\"@type\":\"WebSite\",\"@id\":\"https:\/\/rytasvilnius.staging-lab.dev\/en\/#website\",\"url\":\"https:\/\/rytasvilnius.staging-lab.dev\/en\/\",\"name\":\"BC \u201eRytas\u201c\",\"description\":\"\",\"potentialAction\":[{\"@type\":\"SearchAction\",\"target\":{\"@type\":\"EntryPoint\",\"urlTemplate\":\"https:\/\/rytasvilnius.staging-lab.dev\/en\/?s={search_term_string}\"},\"query-input\":\"required name=search_term_string\"}],\"inLanguage\":\"en-US\"}]}<\/script>\n<!-- \/ Yoast SEO plugin. -->","yoast_head_json":{"title":"Ultras - Vilniaus \u201eRYTAS\u201c","robots":{"index":"noindex","follow":"follow","max-snippet":"max-snippet:-1","max-image-preview":"max-image-preview:large","max-video-preview":"max-video-preview:-1"},"og_locale":"en_US","og_type":"article","og_title":"Ultras - Vilniaus \u201eRYTAS\u201c","og_description":"The &#8220;B Tribune&#8221; is the official ultra sector of the &#8220;Rytas&#8221; team, which creates organized support. Support is based on melodious songs and chants.\u00a0At Jeep arena we are located in A sector.\u00a0Our main rule is to stand up and support the team as loudly as possible.\u00a0Sometimes visual support is enhanced by various attributes (sheets, flags, [&hellip;]","og_url":"https:\/\/rytasvilnius.staging-lab.dev\/en\/community\/b-tribuna\/","og_site_name":"Vilniaus \u201eRYTAS\u201c","article_modified_time":"2024-07-19T09:45:51+00:00","twitter_card":"summary_large_image","twitter_misc":{"Est. reading time":"1 minute"},"schema":{"@context":"https:\/\/schema.org","@graph":[{"@type":"WebPage","@id":"https:\/\/rytasvilnius.staging-lab.dev\/en\/community\/b-tribuna\/","url":"https:\/\/rytasvilnius.staging-lab.dev\/en\/community\/b-tribuna\/","name":"Ultras - Vilniaus \u201eRYTAS\u201c","isPartOf":{"@id":"https:\/\/rytasvilnius.staging-lab.dev\/en\/#website"},"datePublished":"2024-07-16T07:07:26+00:00","dateModified":"2024-07-19T09:45:51+00:00","breadcrumb":{"@id":"https:\/\/rytasvilnius.staging-lab.dev\/en\/community\/b-tribuna\/#breadcrumb"},"inLanguage":"en-US","potentialAction":[{"@type":"ReadAction","target":["https:\/\/rytasvilnius.staging-lab.dev\/en\/community\/b-tribuna\/"]}]},{"@type":"BreadcrumbList","@id":"https:\/\/rytasvilnius.staging-lab.dev\/en\/community\/b-tribuna\/#breadcrumb","itemListElement":[{"@type":"ListItem","position":1,"name":"bcvilnius.lt","item":"https:\/\/rytasvilnius.staging-lab.dev\/en\/"},{"@type":"ListItem","position":2,"name":"Community","item":"https:\/\/rytasvilnius.staging-lab.dev\/en\/community\/"},{"@type":"ListItem","position":3,"name":"Ultras"}]},{"@type":"WebSite","@id":"https:\/\/rytasvilnius.staging-lab.dev\/en\/#website","url":"https:\/\/rytasvilnius.staging-lab.dev\/en\/","name":"BC \u201eRytas\u201c","description":"","potentialAction":[{"@type":"SearchAction","target":{"@type":"EntryPoint","urlTemplate":"https:\/\/rytasvilnius.staging-lab.dev\/en\/?s={search_term_string}"},"query-input":"required name=search_term_string"}],"inLanguage":"en-US"}]}},"_links":{"self":[{"href":"https:\/\/rytasvilnius.staging-lab.dev\/en\/wp-json\/wp\/v2\/pages\/649","targetHints":{"allow":["GET"]}}],"collection":[{"href":"https:\/\/rytasvilnius.staging-lab.dev\/en\/wp-json\/wp\/v2\/pages"}],"about":[{"href":"https:\/\/rytasvilnius.staging-lab.dev\/en\/wp-json\/wp\/v2\/types\/page"}],"author":[{"embeddable":true,"href":"https:\/\/rytasvilnius.staging-lab.dev\/en\/wp-json\/wp\/v2\/users\/1"}],"replies":[{"embeddable":true,"href":"https:\/\/rytasvilnius.staging-lab.dev\/en\/wp-json\/wp\/v2\/comments?post=649"}],"version-history":[{"count":4,"href":"https:\/\/rytasvilnius.staging-lab.dev\/en\/wp-json\/wp\/v2\/pages\/649\/revisions"}],"predecessor-version":[{"id":4618,"href":"https:\/\/rytasvilnius.staging-lab.dev\/en\/wp-json\/wp\/v2\/pages\/649\/revisions\/4618"}],"up":[{"embeddable":true,"href":"https:\/\/rytasvilnius.staging-lab.dev\/en\/wp-json\/wp\/v2\/pages\/646"}],"wp:attachment":[{"href":"https:\/\/rytasvilnius.staging-lab.dev\/en\/wp-json\/wp\/v2\/media?parent=649"}],"curies":[{"name":"wp","href":"https:\/\/api.w.org\/{rel}","templated":true}]}}