{"id":644,"date":"2024-07-14T09:03:30","date_gmt":"2024-07-14T06:03:30","guid":{"rendered":"http:\/\/rytasvilnius.loc\/?page_id=644"},"modified":"2024-07-16T12:55:28","modified_gmt":"2024-07-16T09:55:28","slug":"2-gpm","status":"publish","type":"page","link":"https:\/\/rytasvilnius.staging-lab.dev\/en\/remejai-2\/2-gpm\/","title":{"rendered":"Tapkite r\u0117m\u0117ju"},"content":{"rendered":"<p>Kiekvienas r\u0117m\u0117jas (ar tai b\u016bt\u0173 krep\u0161iniui neabejingas verslas, ar m\u016bs\u0173 i\u0161tikimas sirgalius, nepraleid\u017eiantis n\u0117 vien\u0173 rungtyni\u0173) ir jo ind\u0117lis \u012f krep\u0161inio klubo veikl\u0105 mums yra ypa\u010d svarbus. Ir ne tik d\u0117l palaikymo, tik\u0117jimo, pergali\u0173 d\u017eiaugsmo, bet ir d\u0117l suteikiamo finansinio stabilumo. I\u0161 r\u0117m\u0117j\u0173 gaunama parama sudaro net 80 proc. vis\u0173 klubo pajam\u0173. Likusieji 15 proc. yra surenkami i\u0161 biliet\u0173 bei atributikos pardavim\u0173, dar 5 proc. \u2013 kitos pajamos.<\/p>\n<p><span style=\"text-decoration: underline;\"><strong>Visos gautos pajamos yra i\u0161leid\u017eiamos:<\/strong><\/span><\/p>\n<ul>\n<li>komandos i\u0161laikymui (atlyginimai, b\u016bst\u0173 bei automobili\u0173 nuoma);<\/li>\n<li>krep\u0161inink\u0173 aprangoms;<\/li>\n<li>patalp\u0173 nuomai;<\/li>\n<li>sporto inventoriui \u2013 jo prie\u017ei\u016brai ir atnaujinimui;<\/li>\n<li>jaunimo programos vystymui \u2013 kad Vilniuje augt\u0173 nauja ir perspektyvi krep\u0161inink\u0173 karta;<\/li>\n<li>reklamos ir vie\u0161inimo paslaugoms \u2013 kad apie m\u016bs\u0173 klubo pasiekimus \u017einot\u0173 ne tik kiekvienas vilnietis, bet ir visas pasaulis;<\/li>\n<li>administracijos i\u0161laikymui.<\/li>\n<\/ul>\n<p>Eiti pirmyn ir siekti pergali\u0173 b\u016bt\u0173 sunku be J\u016bs\u0173 palaikymo. O svarbiausia, jog tapti klubo r\u0117m\u0117ju ir taip prisid\u0117ti prie krep\u0161inio bendruomen\u0117s Vilniuje augimo bei profesionalaus sporto vystymo tiek Lietuvoje, tiek u\u017e jos rib\u0173 gali kiekvienas norintis!<\/p>\n<h3><strong>KAIP TAPTI KLUBO R\u0116M\u0116JU?<\/strong><\/h3>\n<p><span style=\"text-decoration: underline;\"><strong>TIESIOGIN\u0116 PARAMA<\/strong><\/span><\/p>\n<p>Norim\u0105 sum\u0105 galite pervesti \u012f klubo s\u0105skait\u0105.<br \/>\n<em>S\u0105skaitos numeris: LT 797044060000430132<\/em><br \/>\n<em>\u012emokos paskirtis: Parama<\/em><\/p>\n<p><span style=\"text-decoration: underline;\"><strong>VERSLO PARAMA<\/strong><\/span><\/p>\n<p>Savo parama J\u016bs galite tapti komandos pergaliu\u0328 dalimi. U\u017e tai mes \u012fsipareigojame suteikti VIE\u0160UMA\u0328, SUSIDOME\u0307JUSIA\u0328 AUDITORIJA\u0328, SOLIDU\u0328 I\u0328VAIZDI\u0328, NAUJAS GALIMYBES, nes tapdami r\u0117m\u0117ju J\u016bs:<\/p>\n<ul>\n<li>gaunate maksimalaus matomumo, pasiekiamumo ir intensyvumo reklamos paketa\u0328;<\/li>\n<li>tiesiogiai pasiekiate didele\u0328 ir \u012fsitraukusi\u0105 auditorija\u0328 \u2013 tiek arenose, tiek prie ekranu\u0328, su kuria galite u\u017emegzti glaudesni\u0328 kontakt\u0105;<\/li>\n<li>tampate pirmos pagal paj\u0117gum\u0105 Vilniuje krep\u0161inio komandos, o kartu ir antros lietuviu\u0328 religijos dalimi \u2013 priart\u0117jate prie savo auditorijos ir su ja susitapatinate;<\/li>\n<li>prisidedate prie krep\u0161inio sostin\u0117je puosel\u0117jimo ir k\u0117limo i\u0328 auk\u0161tesni\u0328 lygmen\u012f.<\/li>\n<\/ul>\n<p>SVARBU! \u012emon\u0117s, remdamos Vilniaus miesto krep\u0161inio komanda\u0328, gali pasinaudoti pelno mokes\u010dio lengvata pagal LR labdaros ir paramos \u012fstatym\u0105.<\/p>\n<p><span style=\"text-decoration: underline;\"><strong>BILIETAI IR ATRIBUTIKA<\/strong><\/span><\/p>\n<p>M\u016bs\u0173 komandai reikia J\u016bs\u0173 paramos \u010cempion\u0173 lygos bei \u201eBetsafe-LKL\u201c dvikovose.\u00a0Sirgaliai, o dar pasipuo\u0161\u0119 klubo spalvomis ir atributika, yra tarsi \u0161e\u0161tas \u017eaid\u0117jas aik\u0161tel\u0117je. Pirkdami bilietus, o ne bandydami gauti nemokamus kvietimus, J\u016bs parodote pagarb\u0105 krep\u0161ininkams bei prisidedate prie j\u0173 pergali\u0173.<\/p>\n<p>Klubo\u00a0<a href=\"https:\/\/www.rytasvilnius.lt\/eshop\/\">internetin\u0117je parduotuv\u0117je<\/a>\u00a0ar rungtyni\u0173 metu J\u016bs galite \u012fsigyti klubo atributikos. \u012esigydami kamuol\u012f, mar\u0161kin\u0117lius ar nuotrauk\u0105 su komandos nari\u0173 para\u0161ais J\u016bs jau tampate m\u016bs\u0173 klubo r\u0117m\u0117ju.<\/p>\n<p><em>Visais klausimais d\u0117l biliet\u0173 didesn\u0117ms grup\u0117ms arba paramos klubui galite ra\u0161yti el. pa\u0161tu:\u00a0<a href=\"mailto:club@rytasvilnius.lt\">club@rytasvilnius.lt<\/a>.<\/em><\/p>\n<p><em>Susisiekite su mumis ir mes paruo\u0161ime Jums aktualius bendradarbiavimo pasi\u016blymus.<\/em><\/p>\n","protected":false},"excerpt":{"rendered":"<p>Kiekvienas r\u0117m\u0117jas (ar tai b\u016bt\u0173 krep\u0161iniui neabejingas verslas, ar m\u016bs\u0173 i\u0161tikimas sirgalius, nepraleid\u017eiantis n\u0117 vien\u0173 rungtyni\u0173) ir jo ind\u0117lis \u012f krep\u0161inio klubo veikl\u0105 mums yra ypa\u010d svarbus. Ir ne tik d\u0117l palaikymo, tik\u0117jimo, pergali\u0173 d\u017eiaugsmo, bet ir d\u0117l suteikiamo finansinio stabilumo. I\u0161 r\u0117m\u0117j\u0173 gaunama parama sudaro net 80 proc. vis\u0173 klubo pajam\u0173. Likusieji 15 proc. [&hellip;]<\/p>\n","protected":false},"author":1,"featured_media":0,"parent":587,"menu_order":0,"comment_status":"closed","ping_status":"closed","template":"","meta":{"_acf_changed":false,"inline_featured_image":false,"footnotes":""},"class_list":["post-644","page","type-page","status-publish","hentry"],"acf":[],"yoast_head":"<!-- This site is optimized with the Yoast SEO plugin v23.0 - https:\/\/yoast.com\/wordpress\/plugins\/seo\/ -->\n<title>Tapkite r\u0117m\u0117ju - Vilniaus \u201eRYTAS\u201c<\/title>\n<meta name=\"robots\" content=\"noindex, follow, max-snippet:-1, max-image-preview:large, max-video-preview:-1\" \/>\n<meta property=\"og:locale\" content=\"en_US\" \/>\n<meta property=\"og:type\" content=\"article\" \/>\n<meta property=\"og:title\" content=\"Tapkite r\u0117m\u0117ju - Vilniaus \u201eRYTAS\u201c\" \/>\n<meta property=\"og:description\" content=\"Kiekvienas r\u0117m\u0117jas (ar tai b\u016bt\u0173 krep\u0161iniui neabejingas verslas, ar m\u016bs\u0173 i\u0161tikimas sirgalius, nepraleid\u017eiantis n\u0117 vien\u0173 rungtyni\u0173) ir jo ind\u0117lis \u012f krep\u0161inio klubo veikl\u0105 mums yra ypa\u010d svarbus. Ir ne tik d\u0117l palaikymo, tik\u0117jimo, pergali\u0173 d\u017eiaugsmo, bet ir d\u0117l suteikiamo finansinio stabilumo. I\u0161 r\u0117m\u0117j\u0173 gaunama parama sudaro net 80 proc. vis\u0173 klubo pajam\u0173. Likusieji 15 proc. [&hellip;]\" \/>\n<meta property=\"og:url\" content=\"https:\/\/rytasvilnius.staging-lab.dev\/en\/remejai-2\/2-gpm\/\" \/>\n<meta property=\"og:site_name\" content=\"Vilniaus \u201eRYTAS\u201c\" \/>\n<meta property=\"article:modified_time\" content=\"2024-07-16T09:55:28+00:00\" \/>\n<meta name=\"twitter:card\" content=\"summary_large_image\" \/>\n<meta name=\"twitter:label1\" content=\"Est. reading time\" \/>\n\t<meta name=\"twitter:data1\" content=\"3 minutes\" \/>\n<script type=\"application\/ld+json\" class=\"yoast-schema-graph\">{\"@context\":\"https:\/\/schema.org\",\"@graph\":[{\"@type\":\"WebPage\",\"@id\":\"https:\/\/rytasvilnius.staging-lab.dev\/en\/remejai-2\/2-gpm\/\",\"url\":\"https:\/\/rytasvilnius.staging-lab.dev\/en\/remejai-2\/2-gpm\/\",\"name\":\"Tapkite r\u0117m\u0117ju - Vilniaus \u201eRYTAS\u201c\",\"isPartOf\":{\"@id\":\"https:\/\/rytasvilnius.staging-lab.dev\/en\/#website\"},\"datePublished\":\"2024-07-14T06:03:30+00:00\",\"dateModified\":\"2024-07-16T09:55:28+00:00\",\"breadcrumb\":{\"@id\":\"https:\/\/rytasvilnius.staging-lab.dev\/en\/remejai-2\/2-gpm\/#breadcrumb\"},\"inLanguage\":\"en-US\",\"potentialAction\":[{\"@type\":\"ReadAction\",\"target\":[\"https:\/\/rytasvilnius.staging-lab.dev\/en\/remejai-2\/2-gpm\/\"]}]},{\"@type\":\"BreadcrumbList\",\"@id\":\"https:\/\/rytasvilnius.staging-lab.dev\/en\/remejai-2\/2-gpm\/#breadcrumb\",\"itemListElement\":[{\"@type\":\"ListItem\",\"position\":1,\"name\":\"bcvilnius.lt\",\"item\":\"https:\/\/rytasvilnius.staging-lab.dev\/en\/\"},{\"@type\":\"ListItem\",\"position\":2,\"name\":\"Partners\",\"item\":\"https:\/\/rytasvilnius.staging-lab.dev\/en\/remejai-2\/\"},{\"@type\":\"ListItem\",\"position\":3,\"name\":\"Tapkite r\u0117m\u0117ju\"}]},{\"@type\":\"WebSite\",\"@id\":\"https:\/\/rytasvilnius.staging-lab.dev\/en\/#website\",\"url\":\"https:\/\/rytasvilnius.staging-lab.dev\/en\/\",\"name\":\"BC \u201eRytas\u201c\",\"description\":\"\",\"potentialAction\":[{\"@type\":\"SearchAction\",\"target\":{\"@type\":\"EntryPoint\",\"urlTemplate\":\"https:\/\/rytasvilnius.staging-lab.dev\/en\/?s={search_term_string}\"},\"query-input\":\"required name=search_term_string\"}],\"inLanguage\":\"en-US\"}]}<\/script>\n<!-- \/ Yoast SEO plugin. -->","yoast_head_json":{"title":"Tapkite r\u0117m\u0117ju - Vilniaus \u201eRYTAS\u201c","robots":{"index":"noindex","follow":"follow","max-snippet":"max-snippet:-1","max-image-preview":"max-image-preview:large","max-video-preview":"max-video-preview:-1"},"og_locale":"en_US","og_type":"article","og_title":"Tapkite r\u0117m\u0117ju - Vilniaus \u201eRYTAS\u201c","og_description":"Kiekvienas r\u0117m\u0117jas (ar tai b\u016bt\u0173 krep\u0161iniui neabejingas verslas, ar m\u016bs\u0173 i\u0161tikimas sirgalius, nepraleid\u017eiantis n\u0117 vien\u0173 rungtyni\u0173) ir jo ind\u0117lis \u012f krep\u0161inio klubo veikl\u0105 mums yra ypa\u010d svarbus. Ir ne tik d\u0117l palaikymo, tik\u0117jimo, pergali\u0173 d\u017eiaugsmo, bet ir d\u0117l suteikiamo finansinio stabilumo. I\u0161 r\u0117m\u0117j\u0173 gaunama parama sudaro net 80 proc. vis\u0173 klubo pajam\u0173. Likusieji 15 proc. [&hellip;]","og_url":"https:\/\/rytasvilnius.staging-lab.dev\/en\/remejai-2\/2-gpm\/","og_site_name":"Vilniaus \u201eRYTAS\u201c","article_modified_time":"2024-07-16T09:55:28+00:00","twitter_card":"summary_large_image","twitter_misc":{"Est. reading time":"3 minutes"},"schema":{"@context":"https:\/\/schema.org","@graph":[{"@type":"WebPage","@id":"https:\/\/rytasvilnius.staging-lab.dev\/en\/remejai-2\/2-gpm\/","url":"https:\/\/rytasvilnius.staging-lab.dev\/en\/remejai-2\/2-gpm\/","name":"Tapkite r\u0117m\u0117ju - Vilniaus \u201eRYTAS\u201c","isPartOf":{"@id":"https:\/\/rytasvilnius.staging-lab.dev\/en\/#website"},"datePublished":"2024-07-14T06:03:30+00:00","dateModified":"2024-07-16T09:55:28+00:00","breadcrumb":{"@id":"https:\/\/rytasvilnius.staging-lab.dev\/en\/remejai-2\/2-gpm\/#breadcrumb"},"inLanguage":"en-US","potentialAction":[{"@type":"ReadAction","target":["https:\/\/rytasvilnius.staging-lab.dev\/en\/remejai-2\/2-gpm\/"]}]},{"@type":"BreadcrumbList","@id":"https:\/\/rytasvilnius.staging-lab.dev\/en\/remejai-2\/2-gpm\/#breadcrumb","itemListElement":[{"@type":"ListItem","position":1,"name":"bcvilnius.lt","item":"https:\/\/rytasvilnius.staging-lab.dev\/en\/"},{"@type":"ListItem","position":2,"name":"Partners","item":"https:\/\/rytasvilnius.staging-lab.dev\/en\/remejai-2\/"},{"@type":"ListItem","position":3,"name":"Tapkite r\u0117m\u0117ju"}]},{"@type":"WebSite","@id":"https:\/\/rytasvilnius.staging-lab.dev\/en\/#website","url":"https:\/\/rytasvilnius.staging-lab.dev\/en\/","name":"BC \u201eRytas\u201c","description":"","potentialAction":[{"@type":"SearchAction","target":{"@type":"EntryPoint","urlTemplate":"https:\/\/rytasvilnius.staging-lab.dev\/en\/?s={search_term_string}"},"query-input":"required name=search_term_string"}],"inLanguage":"en-US"}]}},"_links":{"self":[{"href":"https:\/\/rytasvilnius.staging-lab.dev\/en\/wp-json\/wp\/v2\/pages\/644","targetHints":{"allow":["GET"]}}],"collection":[{"href":"https:\/\/rytasvilnius.staging-lab.dev\/en\/wp-json\/wp\/v2\/pages"}],"about":[{"href":"https:\/\/rytasvilnius.staging-lab.dev\/en\/wp-json\/wp\/v2\/types\/page"}],"author":[{"embeddable":true,"href":"https:\/\/rytasvilnius.staging-lab.dev\/en\/wp-json\/wp\/v2\/users\/1"}],"replies":[{"embeddable":true,"href":"https:\/\/rytasvilnius.staging-lab.dev\/en\/wp-json\/wp\/v2\/comments?post=644"}],"version-history":[{"count":2,"href":"https:\/\/rytasvilnius.staging-lab.dev\/en\/wp-json\/wp\/v2\/pages\/644\/revisions"}],"predecessor-version":[{"id":683,"href":"https:\/\/rytasvilnius.staging-lab.dev\/en\/wp-json\/wp\/v2\/pages\/644\/revisions\/683"}],"up":[{"embeddable":true,"href":"https:\/\/rytasvilnius.staging-lab.dev\/en\/wp-json\/wp\/v2\/pages\/587"}],"wp:attachment":[{"href":"https:\/\/rytasvilnius.staging-lab.dev\/en\/wp-json\/wp\/v2\/media?parent=644"}],"curies":[{"name":"wp","href":"https:\/\/api.w.org\/{rel}","templated":true}]}}