{"id":641,"date":"2024-07-14T10:01:00","date_gmt":"2024-07-14T07:01:00","guid":{"rendered":"http:\/\/rytasvilnius.loc\/?page_id=641"},"modified":"2024-07-16T12:50:22","modified_gmt":"2024-07-16T09:50:22","slug":"nt-lengvata","status":"publish","type":"page","link":"https:\/\/rytasvilnius.staging-lab.dev\/en\/remejai-2\/nt-lengvata\/","title":{"rendered":"NT lengvata"},"content":{"rendered":"<p>2022 m. gruod\u017eio 14 d. \u012fsigaliojo Vilniaus miesto savivaldyb\u0117s tarybos sprendimas \u012fgaliojantis asmenis, remian\u010dius reprezentacinius Vilniaus miesto sporto klubus, atleisti nuo metinio nekilnojamojo turto, \u017eem\u0117s ir (arba) valstybin\u0117s \u017eem\u0117s nuomos mokes\u010dio, bet ne daugiau kaip\u00a0<strong>70 proc.<\/strong>\u00a0paramai skirt\u0173 l\u0117\u0161\u0173 sumos.<\/p>\n<h3><span style=\"text-decoration: underline;\"><strong>KAIP JA PASINAUDOTI?<\/strong><\/span><\/h3>\n<p><span style=\"text-decoration: underline;\"><strong>Nor\u0117dami gauti savivaldyb\u0117s suteikiamas lengvatas u\u017e 2023 metus, turite pateikti \u0161iuos dokumentus:<\/strong><\/span><\/p>\n<ul>\n<li>Paramos sutart\u012f (jeigu suma vir\u0161ija 14 500\u20ac, su notaro patvirtinimu);<\/li>\n<li>Paramos pavedimo kopij\u0105;<\/li>\n<li>Pra\u0161ym\u0105 lengvatai gauti, kuriame nurodomos mokes\u010di\u0173 sumos;<\/li>\n<li>U\u017epildyt\u0105 ,,Vienos \u012fmon\u0117s&#8221; deklaracij\u0105 pagal ES komisijos reglament\u0105.<\/li>\n<li>VMI pa\u017eyma apie atsiskaitym\u0105 su valstyb\u0117s ir\/ar savivaldybi\u0173 biud\u017eetais, pinig\u0173 fondais.<\/li>\n<\/ul>\n<p>Vilniaus ,,Ryto&#8221; administracija kiekvienai param\u0105 skirian\u010diai \u012fmonei paskiria vadybinink\u0105, kuris konsultuoja dokument\u0173 pateikimo klausimais. Dokument\u0173 surinkimas bei u\u017epildymas paprastai u\u017etrunka 1-2 darbo dienas.<\/p>\n<p>Rekomenduojame param\u0105 suteikti ir dokumentus pateikti iki 2023 m. kovo 15 d. &#8211; pirmosios metinio mokes\u010dio avansin\u0117s \u012fmokos, nes tokiu b\u016bdu mokes\u010di\u0173 u\u017e einamuosius metus mok\u0117ti nereik\u0117s.<\/p>\n<h3><span style=\"text-decoration: underline;\"><strong>LENGVATOS GAVIMO ATASKAITA U\u017d 2022 METUS<\/strong><\/span><\/h3>\n<p>Per 2 savaites nuo lengvatos patvirtinimo Vilniaus miesto savivaldyb\u0117je, lengvata\u00a0u\u017e 2022 mokestinius metus, skiriant param\u0105 Vilniaus ,,Rytui&#8221; buvo suteikta\u00a0<strong>10 \u012fmoni\u0173.\u00a0<\/strong>Bendra sutaupyta suma &#8211;\u00a0<strong>105 000\u20ac<\/strong>\u00a0metinio nekilnojamojo turto, \u017eem\u0117s ir (arba) valstybin\u0117s \u017eem\u0117s nuomos mokes\u010dio.<\/p>\n<p>Paramos sumos svyravo nuo\u00a0<strong>1 500 iki 50 000\u20ac<\/strong>.<\/p>\n<h3><span style=\"text-decoration: underline;\"><strong>PAPILDOMOS NAUDOS SUTEIKUS PARAM\u0104<\/strong><\/span><\/h3>\n<p><span style=\"text-decoration: underline;\"><strong>Be 70% mokestin\u0117s lengvatos metinio nekilnojamojo turto, \u017eem\u0117s ir (arba) valstybin\u0117s \u017eem\u0117s nuomos mokes\u010dio, paramos dav\u0117jui prieinamos ir kitos naudos:\u00a0<\/strong><\/span><\/p>\n<ul>\n<li>Ma\u017e\u0117jantis pelno mokestis;<\/li>\n<li>\u012evairaus dyd\u017eio ir formato reklaminiai paketai;<\/li>\n<li>Biliet\u0173 paketai \u012fmon\u0117s darbuotojams ir vadovams;<\/li>\n<li>Galimyb\u0117 \u012fmon\u0117s atstovams keliauti su komanda \u012f i\u0161vykos rungtynes \u010cempion\u0173 lygoje.<\/li>\n<\/ul>\n<p>Daugiau informacijos apie papildomas naudas Jums suteiks paskirtas vadybininkas.<\/p>\n<p>Nor\u0117dami prisid\u0117ti ar daugiau su\u017einoti apie lengvat\u0105, pra\u0161ome susisiekti \u0161iuo el. pa\u0161to adresu:\u00a0<a href=\"mailto:sales@bcvilnius.lt\" target=\"_blank\" rel=\"noopener\">sales@bcvilnius.lt<\/a><\/p>\n","protected":false},"excerpt":{"rendered":"<p>2022 m. gruod\u017eio 14 d. \u012fsigaliojo Vilniaus miesto savivaldyb\u0117s tarybos sprendimas \u012fgaliojantis asmenis, remian\u010dius reprezentacinius Vilniaus miesto sporto klubus, atleisti nuo metinio nekilnojamojo turto, \u017eem\u0117s ir (arba) valstybin\u0117s \u017eem\u0117s nuomos mokes\u010dio, bet ne daugiau kaip\u00a070 proc.\u00a0paramai skirt\u0173 l\u0117\u0161\u0173 sumos. KAIP JA PASINAUDOTI? Nor\u0117dami gauti savivaldyb\u0117s suteikiamas lengvatas u\u017e 2023 metus, turite pateikti \u0161iuos dokumentus: Paramos [&hellip;]<\/p>\n","protected":false},"author":1,"featured_media":0,"parent":587,"menu_order":0,"comment_status":"closed","ping_status":"closed","template":"","meta":{"_acf_changed":false,"inline_featured_image":false,"footnotes":""},"class_list":["post-641","page","type-page","status-publish","hentry"],"acf":[],"yoast_head":"<!-- This site is optimized with the Yoast SEO plugin v23.0 - https:\/\/yoast.com\/wordpress\/plugins\/seo\/ -->\n<title>NT lengvata - Vilniaus \u201eRYTAS\u201c<\/title>\n<meta name=\"robots\" content=\"noindex, follow, max-snippet:-1, max-image-preview:large, max-video-preview:-1\" \/>\n<meta property=\"og:locale\" content=\"en_US\" \/>\n<meta property=\"og:type\" content=\"article\" \/>\n<meta property=\"og:title\" content=\"NT lengvata - Vilniaus \u201eRYTAS\u201c\" \/>\n<meta property=\"og:description\" content=\"2022 m. gruod\u017eio 14 d. \u012fsigaliojo Vilniaus miesto savivaldyb\u0117s tarybos sprendimas \u012fgaliojantis asmenis, remian\u010dius reprezentacinius Vilniaus miesto sporto klubus, atleisti nuo metinio nekilnojamojo turto, \u017eem\u0117s ir (arba) valstybin\u0117s \u017eem\u0117s nuomos mokes\u010dio, bet ne daugiau kaip\u00a070 proc.\u00a0paramai skirt\u0173 l\u0117\u0161\u0173 sumos. KAIP JA PASINAUDOTI? Nor\u0117dami gauti savivaldyb\u0117s suteikiamas lengvatas u\u017e 2023 metus, turite pateikti \u0161iuos dokumentus: Paramos [&hellip;]\" \/>\n<meta property=\"og:url\" content=\"https:\/\/rytasvilnius.staging-lab.dev\/en\/remejai-2\/nt-lengvata\/\" \/>\n<meta property=\"og:site_name\" content=\"Vilniaus \u201eRYTAS\u201c\" \/>\n<meta property=\"article:modified_time\" content=\"2024-07-16T09:50:22+00:00\" \/>\n<meta name=\"twitter:card\" content=\"summary_large_image\" \/>\n<meta name=\"twitter:label1\" content=\"Est. reading time\" \/>\n\t<meta name=\"twitter:data1\" content=\"2 minutes\" \/>\n<script type=\"application\/ld+json\" class=\"yoast-schema-graph\">{\"@context\":\"https:\/\/schema.org\",\"@graph\":[{\"@type\":\"WebPage\",\"@id\":\"https:\/\/rytasvilnius.staging-lab.dev\/en\/remejai-2\/nt-lengvata\/\",\"url\":\"https:\/\/rytasvilnius.staging-lab.dev\/en\/remejai-2\/nt-lengvata\/\",\"name\":\"NT lengvata - Vilniaus \u201eRYTAS\u201c\",\"isPartOf\":{\"@id\":\"https:\/\/rytasvilnius.staging-lab.dev\/en\/#website\"},\"datePublished\":\"2024-07-14T07:01:00+00:00\",\"dateModified\":\"2024-07-16T09:50:22+00:00\",\"breadcrumb\":{\"@id\":\"https:\/\/rytasvilnius.staging-lab.dev\/en\/remejai-2\/nt-lengvata\/#breadcrumb\"},\"inLanguage\":\"en-US\",\"potentialAction\":[{\"@type\":\"ReadAction\",\"target\":[\"https:\/\/rytasvilnius.staging-lab.dev\/en\/remejai-2\/nt-lengvata\/\"]}]},{\"@type\":\"BreadcrumbList\",\"@id\":\"https:\/\/rytasvilnius.staging-lab.dev\/en\/remejai-2\/nt-lengvata\/#breadcrumb\",\"itemListElement\":[{\"@type\":\"ListItem\",\"position\":1,\"name\":\"bcvilnius.lt\",\"item\":\"https:\/\/rytasvilnius.staging-lab.dev\/en\/\"},{\"@type\":\"ListItem\",\"position\":2,\"name\":\"Partners\",\"item\":\"https:\/\/rytasvilnius.staging-lab.dev\/en\/remejai-2\/\"},{\"@type\":\"ListItem\",\"position\":3,\"name\":\"NT lengvata\"}]},{\"@type\":\"WebSite\",\"@id\":\"https:\/\/rytasvilnius.staging-lab.dev\/en\/#website\",\"url\":\"https:\/\/rytasvilnius.staging-lab.dev\/en\/\",\"name\":\"BC \u201eRytas\u201c\",\"description\":\"\",\"potentialAction\":[{\"@type\":\"SearchAction\",\"target\":{\"@type\":\"EntryPoint\",\"urlTemplate\":\"https:\/\/rytasvilnius.staging-lab.dev\/en\/?s={search_term_string}\"},\"query-input\":\"required name=search_term_string\"}],\"inLanguage\":\"en-US\"}]}<\/script>\n<!-- \/ Yoast SEO plugin. -->","yoast_head_json":{"title":"NT lengvata - Vilniaus \u201eRYTAS\u201c","robots":{"index":"noindex","follow":"follow","max-snippet":"max-snippet:-1","max-image-preview":"max-image-preview:large","max-video-preview":"max-video-preview:-1"},"og_locale":"en_US","og_type":"article","og_title":"NT lengvata - Vilniaus \u201eRYTAS\u201c","og_description":"2022 m. gruod\u017eio 14 d. \u012fsigaliojo Vilniaus miesto savivaldyb\u0117s tarybos sprendimas \u012fgaliojantis asmenis, remian\u010dius reprezentacinius Vilniaus miesto sporto klubus, atleisti nuo metinio nekilnojamojo turto, \u017eem\u0117s ir (arba) valstybin\u0117s \u017eem\u0117s nuomos mokes\u010dio, bet ne daugiau kaip\u00a070 proc.\u00a0paramai skirt\u0173 l\u0117\u0161\u0173 sumos. KAIP JA PASINAUDOTI? Nor\u0117dami gauti savivaldyb\u0117s suteikiamas lengvatas u\u017e 2023 metus, turite pateikti \u0161iuos dokumentus: Paramos [&hellip;]","og_url":"https:\/\/rytasvilnius.staging-lab.dev\/en\/remejai-2\/nt-lengvata\/","og_site_name":"Vilniaus \u201eRYTAS\u201c","article_modified_time":"2024-07-16T09:50:22+00:00","twitter_card":"summary_large_image","twitter_misc":{"Est. reading time":"2 minutes"},"schema":{"@context":"https:\/\/schema.org","@graph":[{"@type":"WebPage","@id":"https:\/\/rytasvilnius.staging-lab.dev\/en\/remejai-2\/nt-lengvata\/","url":"https:\/\/rytasvilnius.staging-lab.dev\/en\/remejai-2\/nt-lengvata\/","name":"NT lengvata - Vilniaus \u201eRYTAS\u201c","isPartOf":{"@id":"https:\/\/rytasvilnius.staging-lab.dev\/en\/#website"},"datePublished":"2024-07-14T07:01:00+00:00","dateModified":"2024-07-16T09:50:22+00:00","breadcrumb":{"@id":"https:\/\/rytasvilnius.staging-lab.dev\/en\/remejai-2\/nt-lengvata\/#breadcrumb"},"inLanguage":"en-US","potentialAction":[{"@type":"ReadAction","target":["https:\/\/rytasvilnius.staging-lab.dev\/en\/remejai-2\/nt-lengvata\/"]}]},{"@type":"BreadcrumbList","@id":"https:\/\/rytasvilnius.staging-lab.dev\/en\/remejai-2\/nt-lengvata\/#breadcrumb","itemListElement":[{"@type":"ListItem","position":1,"name":"bcvilnius.lt","item":"https:\/\/rytasvilnius.staging-lab.dev\/en\/"},{"@type":"ListItem","position":2,"name":"Partners","item":"https:\/\/rytasvilnius.staging-lab.dev\/en\/remejai-2\/"},{"@type":"ListItem","position":3,"name":"NT lengvata"}]},{"@type":"WebSite","@id":"https:\/\/rytasvilnius.staging-lab.dev\/en\/#website","url":"https:\/\/rytasvilnius.staging-lab.dev\/en\/","name":"BC \u201eRytas\u201c","description":"","potentialAction":[{"@type":"SearchAction","target":{"@type":"EntryPoint","urlTemplate":"https:\/\/rytasvilnius.staging-lab.dev\/en\/?s={search_term_string}"},"query-input":"required name=search_term_string"}],"inLanguage":"en-US"}]}},"_links":{"self":[{"href":"https:\/\/rytasvilnius.staging-lab.dev\/en\/wp-json\/wp\/v2\/pages\/641","targetHints":{"allow":["GET"]}}],"collection":[{"href":"https:\/\/rytasvilnius.staging-lab.dev\/en\/wp-json\/wp\/v2\/pages"}],"about":[{"href":"https:\/\/rytasvilnius.staging-lab.dev\/en\/wp-json\/wp\/v2\/types\/page"}],"author":[{"embeddable":true,"href":"https:\/\/rytasvilnius.staging-lab.dev\/en\/wp-json\/wp\/v2\/users\/1"}],"replies":[{"embeddable":true,"href":"https:\/\/rytasvilnius.staging-lab.dev\/en\/wp-json\/wp\/v2\/comments?post=641"}],"version-history":[{"count":3,"href":"https:\/\/rytasvilnius.staging-lab.dev\/en\/wp-json\/wp\/v2\/pages\/641\/revisions"}],"predecessor-version":[{"id":682,"href":"https:\/\/rytasvilnius.staging-lab.dev\/en\/wp-json\/wp\/v2\/pages\/641\/revisions\/682"}],"up":[{"embeddable":true,"href":"https:\/\/rytasvilnius.staging-lab.dev\/en\/wp-json\/wp\/v2\/pages\/587"}],"wp:attachment":[{"href":"https:\/\/rytasvilnius.staging-lab.dev\/en\/wp-json\/wp\/v2\/media?parent=641"}],"curies":[{"name":"wp","href":"https:\/\/api.w.org\/{rel}","templated":true}]}}