{"id":540,"date":"2024-07-15T15:38:49","date_gmt":"2024-07-15T12:38:49","guid":{"rendered":"http:\/\/rytasvilnius.loc\/?page_id=540"},"modified":"2024-07-19T12:30:26","modified_gmt":"2024-07-19T09:30:26","slug":"istorine-lkl-statistika","status":"publish","type":"page","link":"https:\/\/rytasvilnius.staging-lab.dev\/en\/about-us\/istorine-lkl-statistika\/","title":{"rendered":"Historical LKL stats"},"content":{"rendered":"<p><strong>All time (from 1993) statistical leaders in the LKL championship\u00a0<\/strong><\/p>\n<p>Points<\/p>\n<p>1. Andrius \u0160le\u017eas \u2013 3481<br \/>\n2. Ram\u016bnas \u0160i\u0161kauskas \u2013 2619<br \/>\n3. Arvydas Macijauskas \u2013 2396<br \/>\n4. Virginijus Sirvydis \u2013 2218<br \/>\n5.\u00a0<strong>Mindaugas Lukauskis*<\/strong>\u00a0\u20132156<br \/>\n6. Martynas Gecevi\u010dius \u2013 2112<br \/>\n7. Dainius Adomaitis \u2013 1870<br \/>\n8. Aurimas Pal\u0161is \u2013 1838<br \/>\n9. Simas Jasaitis \u2013 1805<br \/>\n10.\u00a0<strong>Art\u016bras Jomantas*<\/strong>\u00a0\u2013 1697<\/p>\n<p>Assists<\/p>\n<p>1. Martynas Gecevi\u010dius \u2013 601<br \/>\n2.\u00a0<strong>Mindaugas Lukauskis*<\/strong>\u00a0\u2013 541<br \/>\n3.\u00a0<strong>Art\u016bras Jomantas*<\/strong>\u00a0\u2013 485<br \/>\n4. Andrius \u0160le\u017eas \u2013 379<br \/>\n5. Ram\u016bnas \u0160i\u0161kauskas \u2013 365<br \/>\n6. Aurimas Pal\u0161is \u2013 363<br \/>\n7. Aaronas Lucasas \u2013 348<br \/>\n8. Martynas Purlys \u2013 322<br \/>\n9. Tomas Delininkaits \u2013 292<br \/>\n10. Rolandas Knyza \u2013 288<\/p>\n<p>Rebounds<\/p>\n<p>1. Andrius \u0160le\u017eas \u2013 1297<br \/>\n2. Robertas Javtokas \u2013 1147<br \/>\n3.\u00a0<strong>Art\u016bras Jomantas*<\/strong>\u00a0\u2013 972<br \/>\n4.\u00a0<strong>Mindaugas Lukauskis*<\/strong>\u00a0\u2013 711<br \/>\n5. Simas Jasaitis \u2013 679<br \/>\n6. Ram\u016bnas \u0160i\u0161kauskas \u2013 663<br \/>\n7. Povilas \u010cukinas \u2013 658<br \/>\n8. Rolandas Knyza \u2013 626<br \/>\n9. Dainius Adomaitis \u2013 612<br \/>\n10. K\u0119stutis \u0160e\u0161tokas \u2013 610<\/p>\n<p>Blocks<\/p>\n<p>1. Robertas Javtokas \u2013 273<br \/>\n2. Jonas Valan\u010di\u016bnas \u2013 127<br \/>\n3. Rolandas Knyza \u2013 105<br \/>\n4. Ram\u016bnas \u0160i\u0161kauskas \u2013 102<br \/>\n5. Povilas \u010cukinas \u2013 85<br \/>\n6. Dainius Adomaitis \u2013 81<br \/>\n7. Art\u016bras Gudaitis \u2013 77<br \/>\n8. Andrius \u0160le\u017eas \u2013 50<br \/>\n9. Aleksandras Okunskis \u2013 49<br \/>\n10. E.Mikalaj\u016bnas, M.Nielsenas, A.Kavaliauskas \u2013 46<\/p>\n<p>Steals<\/p>\n<p>1.\u00a0<strong>Mindaugas Lukauskis*<\/strong>\u00a0\u2013 404<br \/>\n2. Andrius \u0160le\u017eas \u2013 297<br \/>\n3.\u00a0<strong>Art\u016bras Jomantas*<\/strong>\u00a0\u2013 276<br \/>\n4. Ram\u016bnas \u0160i\u0161kauskas \u2013 271<br \/>\n5. Martynas Purlys \u2013 235<br \/>\n6. Martynas Gecevi\u010dius \u2013 215<br \/>\n7. Steponas Babrauskas \u2013 214<br \/>\n8. Rolandas Knyza \u2013 196<br \/>\n9. Arvydas Macijauskas \u2013 192<br \/>\n10. Virginijus Sirvydis \u2013 187<\/p>\n<p>Played games<\/p>\n<p>1. Andrius \u0160le\u017eas \u2013 343<br \/>\n2.\u00a0<strong>Mindaugas Lukauskis*<\/strong>\u00a0\u2013 274<br \/>\n3.\u00a0<strong>Art\u016bras Jomantas*<\/strong>\u00a0\u2013 252<br \/>\n4. Martynas Gecevi\u010dius \u2013 206<br \/>\n5-6. Steponas Babrauskas \u2013 194<br \/>\n5-6. Simas Jasaitis \u2013 194<br \/>\n7. Ram\u016bnas \u0160i\u0161kauskas \u2013 192<br \/>\n8. Virginijus Sirvydis \u2013 189<br \/>\n9. Robertas Javtokas \u2013 158<br \/>\n10. Arnas Kazlauskas \u2013 155<\/p>\n<p>Points in debut match<\/p>\n<p>1. Davidas Loganas \u2013 32 pts<br \/>\n2. Tomislavas Zub\u010di\u010dius \u2013 31<br \/>\n3. Frederickas House&#8217;as \u2013 24<br \/>\n4-5. Tyrone&#8217;as Nesby \u2013 21<br \/>\n4-5. Darius Taraila \u2013 21<br \/>\n6-10. Ericas Elliotas \u2013 18<br \/>\n6-10.\u00a0Jimmy Baronas \u2013 18<br \/>\n6-10.\u00a0Jonas Valan\u010di\u016bnas \u2013 18<br \/>\n6-10.\u00a0\u0160ar\u016bnas Jasikevi\u010dius \u2013 18<br \/>\n6-10.\u00a0Serg\u0117jus Gri\u0161ajevas \u2013 18<\/p>\n<p>Minutes<\/p>\n<p>1. Andrius \u0160le\u017eas \u2013 7547<br \/>\n2.\u00a0<strong>Mindaugas Lukauskis*<\/strong>\u00a0\u2013 5438<br \/>\n3. Ram\u016bnas \u0160i\u0161kauskas \u2013 4946<br \/>\n4. Martynas Gecevi\u010dius \u2013 4834<br \/>\n5.\u00a0<strong>Art\u016bras Jomantas*<\/strong>\u00a0\u2013 4676<br \/>\n6. Virginijus Sirvydis \u2013 4439<br \/>\n7. Aurimas Pal\u0161is \u2013 4186<br \/>\n8. Rolandas Knyza \u2013 3918<br \/>\n9. Simas Jasaitis \u2013 3902<br \/>\n10. Dainius Adomaitis \u2013 3838<\/p>\n<p>Shots<\/p>\n<p>1. Andrius \u0160le\u017eas \u2013 2207<br \/>\n2. Ram\u016bnas \u0160i\u0161kauskas \u2013 1695<br \/>\n3.\u00a0<strong>Mindaugas Lukauskis*<\/strong>\u00a0\u2013 1630<br \/>\n4. Virginijus Sirvydis \u2013 1609<br \/>\n5. Martynas Gecevi\u010dius \u2013 1552<br \/>\n6. Arvydas Macijauskas \u2013 1394<br \/>\n7. Simas Jasaitis \u2013 1323<br \/>\n8. Aurimas Pal\u0161is \u2013 1281<br \/>\n9. Dainius Adomaitis \u2013 1258<br \/>\n10.\u00a0<strong>Art\u016bras Jomantas*<\/strong>\u00a0\u2013 1241<\/p>\n<p>Made shots**<\/p>\n<p>1. Andrius \u0160le\u017eas \u2013 1160<br \/>\n2. Ram\u016bnas \u0160i\u0161kauskas \u2013 869<br \/>\n3. Virginijus Sirvydis \u2013 815<br \/>\n4. Arvydas Macijauskas \u2013 787<br \/>\n5.\u00a0<strong>Mindaugas Lukauskis*<\/strong>\u00a0\u2013 783<br \/>\n6. Martynas Gecevi\u010dius \u2013 736<br \/>\n7. Dainius Adomaitis \u2013 692<br \/>\n8. Robertas Javtokas \u2013 690<br \/>\n9. Simas Jasaitis \u2013 679<br \/>\n10. Aurimas Pal\u0161is \u2013 625<\/p>\n<p>Field goal percentage***<\/p>\n<p>1. Milko Bjelica \u2013 60,7%<br \/>\n2. Andrius Giedraitis \u2013 57,5<br \/>\n3. Haris Mujezinovi\u010dius \u2013 56,8<br \/>\n4. Arvydas Macijauskas \u2013 56,5<br \/>\n5. Kenanas Bajramovi\u010dius \u2013 56,3<br \/>\n6\u20137. Stevanas Jelovacas \u2013 55,9<br \/>\n6\u20137. Mindaugas Katelynas \u2013 55,9<br \/>\n8. Dainius Adomaitis \u2013 55<br \/>\n9\u201310. Arnas Kazlauskas \u2013 54,2<br \/>\n9\u201310. K\u0161i\u0161tofas Lavrinovi\u010dius \u2013 54,2<\/p>\n<p>Made three point shots<\/p>\n<p>1. Andrius \u0160le\u017eas \u2013 409<br \/>\n2. Martynas Gecevi\u010dius \u2013 396<br \/>\n3. Arvydas Macijauskas \u2013 312<br \/>\n4.\u00a0<strong>Mindaugas Lukauskis*<\/strong>\u00a0\u2013 298<br \/>\n5. Simas Jasaitis \u2013 281<br \/>\n6. Ram\u016bnas \u0160i\u0161kauskas \u2013 268<br \/>\n7. Aurimas Pal\u0161is \u2013 267<br \/>\n8. Virginijus Sirvydis \u2013 214<br \/>\n9. Steponas Babrauskas \u2013 211<br \/>\n10. Gediminas Orelikas \u2013 207<\/p>\n<p>The point shots<\/p>\n<p>1. Andrius \u0160le\u017eas \u2013 953<br \/>\n2. Martynas Gecevi\u010dius \u2013 922<br \/>\n3.\u00a0<strong>Mindaugas Lukauskis*<\/strong>\u00a0\u2013 787<br \/>\n4. Ram\u016bnas \u0160i\u0161kauskas \u2013 666<br \/>\n5. Simas Jasaitis \u2013 650<br \/>\n6. Aurimas Pal\u0161is \u2013 628<br \/>\n7. Arvydas Macijauskas \u2013 607<br \/>\n8. Virginijus Sirvydis \u2013 575<br \/>\n9. Steponas Babrauskas \u2013 505<br \/>\n10. Gediminas Orelikas \u2013 487<\/p>\n<p>Three point shooting percentage**<\/p>\n<p>1. Arvydas Macijauskas \u2013 51,4%<br \/>\n2. Stevanas Jelovacas \u2013 50<br \/>\n3. Andrius Giedraitis \u2013 49,5<br \/>\n4. Donatas Zavackas \u2013 49,4<br \/>\n5. Gintaras Ba\u010dianskas \u2013 48,4<br \/>\n6. \u0160ar\u016bnas Jasikevi\u010dius \u2013 47,5<br \/>\n7. Simas Buterlevi\u010dius \u2013 47,1<br \/>\n8. Omaras Cookas \u2013 47<br \/>\n9. Arnas Kazlauskas \u2013 46,6<br \/>\n10. Art\u016bras \u0160einingas \u2013 45,9<\/p>\n<p>Free throws<\/p>\n<p>1. Andrius \u0160le\u017eas \u2013 849<br \/>\n2. Ram\u016bnas \u0160i\u0161kauskas \u2013 727<br \/>\n3. Arvydas Macijauskas \u2013 565<br \/>\n4. Dainius Adomaitis \u2013 549<br \/>\n5.\u00a0<strong>Art\u016bras Jomantas*<\/strong>\u00a0\u2013 528<br \/>\n6. Robertas Javtokas \u2013 510<br \/>\n7. Virginijus Sirvydis \u2013 491<br \/>\n8. Art\u016bras Gudaitis \u2013 458<br \/>\n9. Steponas Babrauskas \u2013 427<br \/>\n10. Martynas Gecevi\u010dius \u2013 422<\/p>\n<p>Made free throws<\/p>\n<p>1. Andrius \u0160le\u017eas \u2013 752<br \/>\n2. Ram\u016bnas \u0160i\u0161kauskas \u2013 613<br \/>\n3. Arvydas Macijauskas \u2013 510<br \/>\n4. Dainius Adomaitis \u2013 424<br \/>\n5. Virginijus Sirvydis \u2013 387<br \/>\n6. Martynas Gecevi\u010dius \u2013 369<br \/>\n7.\u00a0<strong>Art\u016bras Jomantas*<\/strong>\u00a0\u2013 368<br \/>\n8. Andrius Giedraitis \u2013 352<br \/>\n9. Steponas Babrauskas \u2013 335<br \/>\n10. Arnas Kazlauskas \u2013 324<\/p>\n<p>Free throw percentage**<\/p>\n<p>1.\u00a0<strong>Jimmy Baronas*<\/strong>\u00a0\u2013 93,5 proc.<br \/>\n2. Ericas Elliottas \u2013 92,1<br \/>\n3. Arvydas Macijauskas \u2013 90,3<br \/>\n4. Gintaras Ba\u010dianskas \u2013 90,1<br \/>\n5. Robertas \u0160telmaheris \u2013 90<br \/>\n6. Davidas Loganas \u2013 90<br \/>\n7. Andrius \u0160le\u017eas \u2013 88,6<br \/>\n8. Martynas Gecevi\u010dius \u2013 87,4<br \/>\n9. Andrius Giedraitis \u2013 87,1<br \/>\n10. Donatas Zavackas \u2013 85,5<\/p>\n<p>Defensive rebounds<\/p>\n<p>1. Andrius \u0160le\u017eas \u2013 930<br \/>\n2. Robertas Javtokas \u2013 755<br \/>\n3.\u00a0<strong>Art\u016bras Jomantas*<\/strong>\u00a0\u2013 652<br \/>\n4.\u00a0<strong>Mindaugas Lukauskis*<\/strong>\u00a0\u2013 541<br \/>\n5. Ram\u016bnas \u0160i\u0161kauskas \u2013 503<br \/>\n6. Dainius Adomaitis \u2013 483<br \/>\n7. Martynas Gecevi\u010dius \u2013 455<br \/>\n8. Simas Jasaitis \u2013 442<br \/>\n9. Povilas \u010cukinas \u2013441<br \/>\n10. Rolandas Knyza \u2013 430<\/p>\n<p>Offensive rebounds<\/p>\n<p>1. Robertas Javtokas \u2013 392<br \/>\n2. Andrius \u0160le\u017eas \u2013 367<br \/>\n3.\u00a0<strong>Art\u016bras Jomantas*<\/strong>\u00a0\u2013 293<br \/>\n4. Simas Jasaitis \u2013 237<br \/>\n5. Povilas \u010cukinas \u2013 217<br \/>\n6. K\u0119stutis \u0160e\u0161tokas \u2013 209<br \/>\n7. Rolandas Knyza \u2013 196<br \/>\n8. Art\u016bras Javtokas \u2013 192<br \/>\n9. Art\u016bras Gudaitis \u2013 190<br \/>\n10. Jonas Valan\u010di\u016bnas \u2013 187<\/p>\n<p>Fouls<\/p>\n<p>1. Andrius \u0160le\u017eas \u2013 836<br \/>\n2.\u00a0<strong>Art\u016bras Jomantas*<\/strong>\u00a0\u2013 560<br \/>\n3. Steponas Babrauskas \u2013 516<br \/>\n4.\u00a0<strong>Mindaugas Lukauskis*<\/strong>\u00a0\u2013 505<br \/>\n5. Virginijus Sirvydis \u2013 501<br \/>\n6. Arnas Kazlauskas \u2013 412<br \/>\n7. Simas Jasaitis \u2013 345<br \/>\n8. Arvydas Macijauskas \u2013 344<br \/>\n9. Aurimas Pal\u0161is \u2013 339<br \/>\n10. Martynas Purlys \u2013 337<\/p>\n<p>Scoring average****<\/p>\n<p>1. \u0160ar\u016bnas Jasikevi\u010dius \u2013 17,2 pts.<br \/>\n2. Serg\u0117jus Gri\u0161ajevas \u2013 16,7<br \/>\n3. Dainius Adomaitis \u2013 16,1<br \/>\n4. Andrius Giedraitis \u2013 15,9<br \/>\n5. Arvydas Macijauskas \u2013 15,8<br \/>\n6. Marc Montgomery \u2013 15,8<br \/>\n7. Juanas Palaciosas \u2013 14,4<br \/>\n8. Gary Arringtonas \u2013 14,2<br \/>\n9. Gintaras Ba\u010dianskas \u2013 14,1<br \/>\n10. Frederickas House&#8217;as \u2013 14,1<\/p>\n<p>Seasons played<\/p>\n<p>1\u20132. Andrius \u0160le\u017eas \u2013 10<br \/>\n1\u20132.\u00a0<strong>Art\u016bras Jomantas*<\/strong>\u00a0\u2013 10<br \/>\n3.\u00a0<strong>Mindaugas Lukauskis*<\/strong>\u00a0\u2013 9<br \/>\n4\u20136. Steponas Babrauskas \u2013 7<br \/>\n4\u20136. Simas Jasaitis \u2013 7<br \/>\n4\u20136. Martynas Gecevi\u010dius \u2013 7<br \/>\n7\u20139. Ram\u016bnas \u0160i\u0161kauskas \u2013 6<br \/>\n7\u20139. Robertas Javtokas \u2013 6<br \/>\n7\u20139. Virginijus Sirvydis \u2013 6<br \/>\n10. Rolandas Vai\u010di\u016bnas \u2013 5<\/p>\n<p><em>(* current players; ** 50 shots minimum; *** 50 two point and three point shots minimum; **** 25 games minimum; statistika atnaujinta 2018.03.03).<\/em><\/p>\n","protected":false},"excerpt":{"rendered":"<p>All time (from 1993) statistical leaders in the LKL championship\u00a0 Points 1. Andrius \u0160le\u017eas \u2013 3481 2. Ram\u016bnas \u0160i\u0161kauskas \u2013 2619 3. Arvydas Macijauskas \u2013 2396 4. Virginijus Sirvydis \u2013 2218 5.\u00a0Mindaugas Lukauskis*\u00a0\u20132156 6. Martynas Gecevi\u010dius \u2013 2112 7. Dainius Adomaitis \u2013 1870 8. Aurimas Pal\u0161is \u2013 1838 9. Simas Jasaitis \u2013 1805 10.\u00a0Art\u016bras Jomantas*\u00a0\u2013 [&hellip;]<\/p>\n","protected":false},"author":1,"featured_media":0,"parent":528,"menu_order":0,"comment_status":"closed","ping_status":"closed","template":"","meta":{"_acf_changed":false,"inline_featured_image":false,"footnotes":""},"class_list":["post-540","page","type-page","status-publish","hentry"],"acf":[],"yoast_head":"<!-- This site is optimized with the Yoast SEO plugin v23.0 - https:\/\/yoast.com\/wordpress\/plugins\/seo\/ -->\n<title>Historical LKL stats - Vilniaus \u201eRYTAS\u201c<\/title>\n<meta name=\"robots\" content=\"noindex, follow, max-snippet:-1, max-image-preview:large, max-video-preview:-1\" \/>\n<meta property=\"og:locale\" content=\"en_US\" \/>\n<meta property=\"og:type\" content=\"article\" \/>\n<meta property=\"og:title\" content=\"Historical LKL stats - Vilniaus \u201eRYTAS\u201c\" \/>\n<meta property=\"og:description\" content=\"All time (from 1993) statistical leaders in the LKL championship\u00a0 Points 1. Andrius \u0160le\u017eas \u2013 3481 2. Ram\u016bnas \u0160i\u0161kauskas \u2013 2619 3. Arvydas Macijauskas \u2013 2396 4. Virginijus Sirvydis \u2013 2218 5.\u00a0Mindaugas Lukauskis*\u00a0\u20132156 6. Martynas Gecevi\u010dius \u2013 2112 7. Dainius Adomaitis \u2013 1870 8. Aurimas Pal\u0161is \u2013 1838 9. Simas Jasaitis \u2013 1805 10.\u00a0Art\u016bras Jomantas*\u00a0\u2013 [&hellip;]\" \/>\n<meta property=\"og:url\" content=\"https:\/\/rytasvilnius.staging-lab.dev\/en\/about-us\/istorine-lkl-statistika\/\" \/>\n<meta property=\"og:site_name\" content=\"Vilniaus \u201eRYTAS\u201c\" \/>\n<meta property=\"article:modified_time\" content=\"2024-07-19T09:30:26+00:00\" \/>\n<meta name=\"twitter:card\" content=\"summary_large_image\" \/>\n<meta name=\"twitter:label1\" content=\"Est. reading time\" \/>\n\t<meta name=\"twitter:data1\" content=\"5 minutes\" \/>\n<script type=\"application\/ld+json\" class=\"yoast-schema-graph\">{\"@context\":\"https:\/\/schema.org\",\"@graph\":[{\"@type\":\"WebPage\",\"@id\":\"https:\/\/rytasvilnius.staging-lab.dev\/en\/about-us\/istorine-lkl-statistika\/\",\"url\":\"https:\/\/rytasvilnius.staging-lab.dev\/en\/about-us\/istorine-lkl-statistika\/\",\"name\":\"Historical LKL stats - Vilniaus \u201eRYTAS\u201c\",\"isPartOf\":{\"@id\":\"https:\/\/rytasvilnius.staging-lab.dev\/en\/#website\"},\"datePublished\":\"2024-07-15T12:38:49+00:00\",\"dateModified\":\"2024-07-19T09:30:26+00:00\",\"breadcrumb\":{\"@id\":\"https:\/\/rytasvilnius.staging-lab.dev\/en\/about-us\/istorine-lkl-statistika\/#breadcrumb\"},\"inLanguage\":\"en-US\",\"potentialAction\":[{\"@type\":\"ReadAction\",\"target\":[\"https:\/\/rytasvilnius.staging-lab.dev\/en\/about-us\/istorine-lkl-statistika\/\"]}]},{\"@type\":\"BreadcrumbList\",\"@id\":\"https:\/\/rytasvilnius.staging-lab.dev\/en\/about-us\/istorine-lkl-statistika\/#breadcrumb\",\"itemListElement\":[{\"@type\":\"ListItem\",\"position\":1,\"name\":\"bcvilnius.lt\",\"item\":\"https:\/\/rytasvilnius.staging-lab.dev\/en\/\"},{\"@type\":\"ListItem\",\"position\":2,\"name\":\"About us\",\"item\":\"https:\/\/rytasvilnius.staging-lab.dev\/en\/about-us\/\"},{\"@type\":\"ListItem\",\"position\":3,\"name\":\"Historical LKL stats\"}]},{\"@type\":\"WebSite\",\"@id\":\"https:\/\/rytasvilnius.staging-lab.dev\/en\/#website\",\"url\":\"https:\/\/rytasvilnius.staging-lab.dev\/en\/\",\"name\":\"BC \u201eRytas\u201c\",\"description\":\"\",\"potentialAction\":[{\"@type\":\"SearchAction\",\"target\":{\"@type\":\"EntryPoint\",\"urlTemplate\":\"https:\/\/rytasvilnius.staging-lab.dev\/en\/?s={search_term_string}\"},\"query-input\":\"required name=search_term_string\"}],\"inLanguage\":\"en-US\"}]}<\/script>\n<!-- \/ Yoast SEO plugin. -->","yoast_head_json":{"title":"Historical LKL stats - Vilniaus \u201eRYTAS\u201c","robots":{"index":"noindex","follow":"follow","max-snippet":"max-snippet:-1","max-image-preview":"max-image-preview:large","max-video-preview":"max-video-preview:-1"},"og_locale":"en_US","og_type":"article","og_title":"Historical LKL stats - Vilniaus \u201eRYTAS\u201c","og_description":"All time (from 1993) statistical leaders in the LKL championship\u00a0 Points 1. Andrius \u0160le\u017eas \u2013 3481 2. Ram\u016bnas \u0160i\u0161kauskas \u2013 2619 3. Arvydas Macijauskas \u2013 2396 4. Virginijus Sirvydis \u2013 2218 5.\u00a0Mindaugas Lukauskis*\u00a0\u20132156 6. Martynas Gecevi\u010dius \u2013 2112 7. Dainius Adomaitis \u2013 1870 8. Aurimas Pal\u0161is \u2013 1838 9. Simas Jasaitis \u2013 1805 10.\u00a0Art\u016bras Jomantas*\u00a0\u2013 [&hellip;]","og_url":"https:\/\/rytasvilnius.staging-lab.dev\/en\/about-us\/istorine-lkl-statistika\/","og_site_name":"Vilniaus \u201eRYTAS\u201c","article_modified_time":"2024-07-19T09:30:26+00:00","twitter_card":"summary_large_image","twitter_misc":{"Est. reading time":"5 minutes"},"schema":{"@context":"https:\/\/schema.org","@graph":[{"@type":"WebPage","@id":"https:\/\/rytasvilnius.staging-lab.dev\/en\/about-us\/istorine-lkl-statistika\/","url":"https:\/\/rytasvilnius.staging-lab.dev\/en\/about-us\/istorine-lkl-statistika\/","name":"Historical LKL stats - Vilniaus \u201eRYTAS\u201c","isPartOf":{"@id":"https:\/\/rytasvilnius.staging-lab.dev\/en\/#website"},"datePublished":"2024-07-15T12:38:49+00:00","dateModified":"2024-07-19T09:30:26+00:00","breadcrumb":{"@id":"https:\/\/rytasvilnius.staging-lab.dev\/en\/about-us\/istorine-lkl-statistika\/#breadcrumb"},"inLanguage":"en-US","potentialAction":[{"@type":"ReadAction","target":["https:\/\/rytasvilnius.staging-lab.dev\/en\/about-us\/istorine-lkl-statistika\/"]}]},{"@type":"BreadcrumbList","@id":"https:\/\/rytasvilnius.staging-lab.dev\/en\/about-us\/istorine-lkl-statistika\/#breadcrumb","itemListElement":[{"@type":"ListItem","position":1,"name":"bcvilnius.lt","item":"https:\/\/rytasvilnius.staging-lab.dev\/en\/"},{"@type":"ListItem","position":2,"name":"About us","item":"https:\/\/rytasvilnius.staging-lab.dev\/en\/about-us\/"},{"@type":"ListItem","position":3,"name":"Historical LKL stats"}]},{"@type":"WebSite","@id":"https:\/\/rytasvilnius.staging-lab.dev\/en\/#website","url":"https:\/\/rytasvilnius.staging-lab.dev\/en\/","name":"BC \u201eRytas\u201c","description":"","potentialAction":[{"@type":"SearchAction","target":{"@type":"EntryPoint","urlTemplate":"https:\/\/rytasvilnius.staging-lab.dev\/en\/?s={search_term_string}"},"query-input":"required name=search_term_string"}],"inLanguage":"en-US"}]}},"_links":{"self":[{"href":"https:\/\/rytasvilnius.staging-lab.dev\/en\/wp-json\/wp\/v2\/pages\/540","targetHints":{"allow":["GET"]}}],"collection":[{"href":"https:\/\/rytasvilnius.staging-lab.dev\/en\/wp-json\/wp\/v2\/pages"}],"about":[{"href":"https:\/\/rytasvilnius.staging-lab.dev\/en\/wp-json\/wp\/v2\/types\/page"}],"author":[{"embeddable":true,"href":"https:\/\/rytasvilnius.staging-lab.dev\/en\/wp-json\/wp\/v2\/users\/1"}],"replies":[{"embeddable":true,"href":"https:\/\/rytasvilnius.staging-lab.dev\/en\/wp-json\/wp\/v2\/comments?post=540"}],"version-history":[{"count":4,"href":"https:\/\/rytasvilnius.staging-lab.dev\/en\/wp-json\/wp\/v2\/pages\/540\/revisions"}],"predecessor-version":[{"id":4606,"href":"https:\/\/rytasvilnius.staging-lab.dev\/en\/wp-json\/wp\/v2\/pages\/540\/revisions\/4606"}],"up":[{"embeddable":true,"href":"https:\/\/rytasvilnius.staging-lab.dev\/en\/wp-json\/wp\/v2\/pages\/528"}],"wp:attachment":[{"href":"https:\/\/rytasvilnius.staging-lab.dev\/en\/wp-json\/wp\/v2\/media?parent=540"}],"curies":[{"name":"wp","href":"https:\/\/api.w.org\/{rel}","templated":true}]}}