{"id":518,"date":"2024-07-15T12:54:21","date_gmt":"2024-07-15T09:54:21","guid":{"rendered":"http:\/\/rytasvilnius.loc\/?page_id=518"},"modified":"2024-07-16T12:50:07","modified_gmt":"2024-07-16T09:50:07","slug":"naryste","status":"publish","type":"page","link":"https:\/\/rytasvilnius.staging-lab.dev\/en\/jbr-klubas\/naryste\/","title":{"rendered":"Naryst\u0117"},"content":{"rendered":"<p><img decoding=\"async\" class=\"alignnone size-full wp-image-520\" src=\"https:\/\/rytasvilnius.staging-lab.dev\/wp-content\/uploads\/sites\/2\/2024\/07\/Web-1.jpg\" alt=\"\" width=\"765\" height=\"360\" srcset=\"https:\/\/rytasvilnius.staging-lab.dev\/en\/wp-content\/uploads\/sites\/2\/2024\/07\/Web-1.jpg 765w, https:\/\/rytasvilnius.staging-lab.dev\/en\/wp-content\/uploads\/sites\/2\/2024\/07\/Web-1-300x141.jpg 300w\" sizes=\"(max-width: 765px) 100vw, 765px\" \/><\/p>\n<p><strong>Vilniaus \u201eRytas\u201c pradeda sezono JBR narys\u010di\u0173 prekyb\u0105. Vis\u0173 pirma savo vietas i\u0161saugoti gal\u0117s pernyk\u0161\u010diai JBR klubo nariai, o rugs\u0117jo 1 d. prasid\u0117s ir atvira prekyba.<\/strong><\/p>\n<p class=\"stat\"><a href=\"https:\/\/kakava.lt\/paieska?fragment=jbr\"><strong>PIRKTI NARYST\u0118.<\/strong><\/a><\/p>\n<h3>U\u017edara prekyba<\/h3>\n<p>U\u017edaroje prekyboje JBR klubo nariai u\u017e ma\u017eesn\u0119 kain\u0105 nei vie\u0161os prekybos metu gali prasit\u0119sti narystes \u012f tas pa\u010dias vietas, tur\u0117tas pra\u0117jus\u012f sezon\u0105. Norint patekti \u012f u\u017edar\u0105 prekyb\u0105, reik\u0117s prisijungti prie paskyros portale kakava.lt, per kuri\u0105 pernai pirkote naryst\u0119 bei sezono metu tvirtindavote dalyvavim\u0105 rungtyn\u0117se. Ateinant\u012f sezon\u0105 tvirtinti savo dalyvavimo b\u016bsimose rungtyn\u0117se nebereik\u0117s.<\/p>\n<p>Kiekvienai paskyrai u\u017edaroje prekyboje bus leid\u017eiama prat\u0119sti narystes tik tose pa\u010diose vietose, kuriose jos buvo \u012fsigytos pra\u0117jusiame sezone. Norintiems savo vietas \u201eJeep\u201c\u00a0arenoje keisti ar \u012fsigyti papildom\u0173 narys\u010di\u0173, t\u0105 reik\u0117s padaryti atviroje prekyboje.<\/p>\n<h3>Viet\u0173 pasirinkimas<\/h3>\n<p>Pasibaigus u\u017edarai prekybai, visi narystes prasit\u0119s\u0119 JBR nariai rugs\u0117jo 6 d. 17:00 gaus lai\u0161k\u0105 su nuoroda bei instrukcijomis, kaip bilietai.lt platformoje nemokamai i\u0161sirinkti savo viet\u0105 \u201eAvia Solutions Group\u201c arenoje.<\/p>\n<p>Vietas \u0161ioje arenoje pasirinkti bus galima pagal spalv\u0105 priskirtose narys\u010di\u0173 vietose. Pvz. \u012fsigijus Raudon\u0105 naryst\u0119 \u201eJeep\u201c arenoje, jums bus prieinamos Raudonos naryst\u0117s sektoriai \u201eAvia Solutions Group\u201c arenoje.<\/p>\n<p><img decoding=\"async\" class=\"alignnone size-full wp-image-523\" src=\"https:\/\/rytasvilnius.staging-lab.dev\/wp-content\/uploads\/sites\/2\/2024\/07\/narysciu-arenu-planas.jpg\" alt=\"\" width=\"765\" height=\"430\" srcset=\"https:\/\/rytasvilnius.staging-lab.dev\/en\/wp-content\/uploads\/sites\/2\/2024\/07\/narysciu-arenu-planas.jpg 765w, https:\/\/rytasvilnius.staging-lab.dev\/en\/wp-content\/uploads\/sites\/2\/2024\/07\/narysciu-arenu-planas-300x169.jpg 300w\" sizes=\"(max-width: 765px) 100vw, 765px\" \/><\/p>\n<p>Kad visas procesas b\u016bt\u0173 sklandesnis, buvo sukurtas specialus vaizdo \u012fra\u0161as su pirkimo instrukcijomis.<\/p>\n<p><iframe loading=\"lazy\" title=\"vimeo-player\" src=\"https:\/\/player.vimeo.com\/video\/858569810?h=4f799b20d4\" width=\"640\" height=\"360\" frameborder=\"0\" allowfullscreen=\"allowfullscreen\"><\/iframe><\/p>\n<h3>Naujov\u0117 \u2013 naryst\u0117s i\u0161simok\u0117tinai<\/h3>\n<p>Skirtingai nei seniau, \u0161iemet nebus privalu u\u017e JBR naryst\u0119 i\u0161kart sumok\u0117ti vis\u0105 sum\u0105, o kiekvienas perkantis gal\u0117s atsiskaityti dalimis. Perkant tereik\u0117s pasirinkti \u201eMok\u0117jimas i\u0161simok\u0117tinai\u201c atsiskaitymo b\u016bd\u0105.<\/p>\n<p>Be jokio pabrangimo u\u017e naryst\u0119 bus galima atsiskaityti trimis dalimis per tris m\u0117nesius. Taip pat \u012fmanoma pasirinkti ir ilgesn\u012f i\u0161simok\u0117jimo laikotarp\u012f su pal\u016bkanomis, tokiu atveju reik\u0117s kreiptis \u012f \u201eNeopay\u201c vadybinink\u0105.<\/p>\n<p>Pasirinkus tok\u012f b\u016bd\u0105 pirm\u0105j\u012f mok\u0117jim\u0105 reik\u0117s atlikti po m\u0117nesio, antr\u0105j\u012f \u2013 po dviej\u0173 ir t.t. Kiekvien\u0105 kart\u0105 art\u0117jant mok\u0117jimo terminui gausite priminim\u0105.<\/p>\n<h3>JBR naryst\u0117s naudos<\/h3>\n<p>Kaip jau tapo \u012fprasta, JBR naryst\u0117s ne tik suteikia galimyb\u0119 lankytis visose Vilniaus \u201eRyto\u201c nam\u0173 rungtyn\u0117se abejose arenose, bet ir suteikia daugiau papildom\u0173 naud\u0173 j\u0173 tur\u0117tojams.<\/p>\n<p>Priklausomai nuo pasirinkto naryst\u0117s tipo, klubo naryst\u0117 taip pat suteiks:<\/p>\n<ul>\n<li>Turin\u012f, t. y. galimyb\u0119 fanui tapti klubo kasdienio gyvenimo dalimi, gauti \u012fvairaus ir i\u0161skirtinio turinio u\u017edaroje fan\u0173 grup\u0117je Facebook platformoje.<\/li>\n<li>Mar\u0161kin\u0117lius \u2013 Raudonieji, Online bei Premium klubo nariai gaus firminius klubo mar\u0161kin\u0117lius.<\/li>\n<li>Dovanas, t .y. pagal pasirinkt\u0105 naryst\u0117s lyg\u012f kas m\u0117nes\u012f gauti \u012fvairias klubo bei jo partneri\u0173 dovanas ir ypatingus pasi\u016blymus.<\/li>\n<li>Go3 sporto paket\u0105, leisiant\u012f steb\u0117ti visas Vilniaus\u00a0 \u201eRyto\u201c rungtynes LKL bei FIBA \u010cempion\u0173 lygoje.<\/li>\n<li>Sezonin\u012f abonement\u0105 \u012f visas Vilniaus \u201eRyto\u201c bei Vilniaus \u201eKibirk\u0161ties\u201c\u00a0 nam\u0173 rungtynes vykstan\u010dias \u201eJeep\u201c bei \u201eAvia Solutions Group \u201d arenose.<\/li>\n<\/ul>\n<p><img decoding=\"async\" class=\"alignnone size-full wp-image-526\" src=\"https:\/\/rytasvilnius.staging-lab.dev\/wp-content\/uploads\/sites\/2\/2024\/07\/JBR-LENTELE.jpg\" alt=\"\" width=\"765\" height=\"430\" srcset=\"https:\/\/rytasvilnius.staging-lab.dev\/en\/wp-content\/uploads\/sites\/2\/2024\/07\/JBR-LENTELE.jpg 765w, https:\/\/rytasvilnius.staging-lab.dev\/en\/wp-content\/uploads\/sites\/2\/2024\/07\/JBR-LENTELE-300x169.jpg 300w\" sizes=\"(max-width: 765px) 100vw, 765px\" \/><\/p>\n<h3>Atvira prekyba<\/h3>\n<p>Rugs\u0117jo 1 d. startuos atvira prekyba visiems, norintiems art\u0117jant\u012f sezon\u0105 tapti JBR nariais bei tiems kurie nori keisti savo naryst\u0117s viet\u0105 ar skai\u010di\u0173.<\/p>\n<p>Pasibaigus prekybai visi narystes atviroje prekyboje \u012fsigij\u0119 JBR nariai, gaus lai\u0161k\u0105 su nuoroda bei instrukcijomis, kaip bilietai.lt platformoje nemokamai i\u0161sirinkti savo naryst\u0117s vietas \u201eAvia Solutions Group\u201c\u00a0arenoje.<\/p>\n<p>Visiems JBR nariams i\u0161sirinkus savo vietas abiejose arenose, bus u\u017esakytos dvipus\u0117s JBR narys\u010di\u0173 kortel\u0117s, kuriose bus visa svarbiausia informacija bei barkodas, veiksiantis\u00a0tiek \u201eJeep\u201c, tiek \u201eAvia Solutions Group\u201c\u00a0arenoje. Korteles bus galima atsiimti prie\u0161 pirm\u0105sias rungtynes \u201eAvia Solutions Group\u201c\u00a0arenoje, tai reik\u0117s padaryti bilietai.lt kasose prie arenos \u012f\u0117jimo.<\/p>\n<p>Jeigu bet kuriuo metu narys\u010di\u0173 pirkimo procese susidursite su klausimais \u2013 \u012f juos atsakysime el. pa\u0161tu sales@bcvilnius.lt.<\/p>\n<p>\u012esigijus naryst\u0119, kvie\u010diame i\u0161 karto prisijungti prie\u00a0<a href=\"https:\/\/www.facebook.com\/groups\/jbr20232024\" target=\"_blank\" rel=\"noopener\">JBR klubo Facebook grup\u0117s<\/a>. Prisijungiant jums kaip slapta\u017eod\u012f reik\u0117s \u012fvesti savo naujosios naryst\u0117s septyni\u0173 skaitmen\u0173 kod\u0105.<\/p>\n","protected":false},"excerpt":{"rendered":"<p>Vilniaus \u201eRytas\u201c pradeda sezono JBR narys\u010di\u0173 prekyb\u0105. Vis\u0173 pirma savo vietas i\u0161saugoti gal\u0117s pernyk\u0161\u010diai JBR klubo nariai, o rugs\u0117jo 1 d. prasid\u0117s ir atvira prekyba. PIRKTI NARYST\u0118. U\u017edara prekyba U\u017edaroje prekyboje JBR klubo nariai u\u017e ma\u017eesn\u0119 kain\u0105 nei vie\u0161os prekybos metu gali prasit\u0119sti narystes \u012f tas pa\u010dias vietas, tur\u0117tas pra\u0117jus\u012f sezon\u0105. Norint patekti \u012f u\u017edar\u0105 [&hellip;]<\/p>\n","protected":false},"author":1,"featured_media":0,"parent":516,"menu_order":0,"comment_status":"closed","ping_status":"closed","template":"","meta":{"_acf_changed":false,"inline_featured_image":false,"footnotes":""},"class_list":["post-518","page","type-page","status-publish","hentry"],"acf":[],"yoast_head":"<!-- This site is optimized with the Yoast SEO plugin v23.0 - https:\/\/yoast.com\/wordpress\/plugins\/seo\/ -->\n<title>Naryst\u0117 - Vilniaus \u201eRYTAS\u201c<\/title>\n<meta name=\"robots\" content=\"noindex, follow, max-snippet:-1, max-image-preview:large, max-video-preview:-1\" \/>\n<meta property=\"og:locale\" content=\"en_US\" \/>\n<meta property=\"og:type\" content=\"article\" \/>\n<meta property=\"og:title\" content=\"Naryst\u0117 - Vilniaus \u201eRYTAS\u201c\" \/>\n<meta property=\"og:description\" content=\"Vilniaus \u201eRytas\u201c pradeda sezono JBR narys\u010di\u0173 prekyb\u0105. Vis\u0173 pirma savo vietas i\u0161saugoti gal\u0117s pernyk\u0161\u010diai JBR klubo nariai, o rugs\u0117jo 1 d. prasid\u0117s ir atvira prekyba. PIRKTI NARYST\u0118. U\u017edara prekyba U\u017edaroje prekyboje JBR klubo nariai u\u017e ma\u017eesn\u0119 kain\u0105 nei vie\u0161os prekybos metu gali prasit\u0119sti narystes \u012f tas pa\u010dias vietas, tur\u0117tas pra\u0117jus\u012f sezon\u0105. Norint patekti \u012f u\u017edar\u0105 [&hellip;]\" \/>\n<meta property=\"og:url\" content=\"https:\/\/rytasvilnius.staging-lab.dev\/en\/jbr-klubas\/naryste\/\" \/>\n<meta property=\"og:site_name\" content=\"Vilniaus \u201eRYTAS\u201c\" \/>\n<meta property=\"article:modified_time\" content=\"2024-07-16T09:50:07+00:00\" \/>\n<meta property=\"og:image\" content=\"https:\/\/rytasvilnius.staging-lab.dev\/wp-content\/uploads\/sites\/2\/2024\/07\/Web-1.jpg\" \/>\n<meta name=\"twitter:card\" content=\"summary_large_image\" \/>\n<meta name=\"twitter:label1\" content=\"Est. reading time\" \/>\n\t<meta name=\"twitter:data1\" content=\"4 minutes\" \/>\n<script type=\"application\/ld+json\" class=\"yoast-schema-graph\">{\"@context\":\"https:\/\/schema.org\",\"@graph\":[{\"@type\":\"WebPage\",\"@id\":\"https:\/\/rytasvilnius.staging-lab.dev\/en\/jbr-klubas\/naryste\/\",\"url\":\"https:\/\/rytasvilnius.staging-lab.dev\/en\/jbr-klubas\/naryste\/\",\"name\":\"Naryst\u0117 - Vilniaus \u201eRYTAS\u201c\",\"isPartOf\":{\"@id\":\"https:\/\/rytasvilnius.staging-lab.dev\/en\/#website\"},\"primaryImageOfPage\":{\"@id\":\"https:\/\/rytasvilnius.staging-lab.dev\/en\/jbr-klubas\/naryste\/#primaryimage\"},\"image\":{\"@id\":\"https:\/\/rytasvilnius.staging-lab.dev\/en\/jbr-klubas\/naryste\/#primaryimage\"},\"thumbnailUrl\":\"https:\/\/rytasvilnius.staging-lab.dev\/wp-content\/uploads\/sites\/2\/2024\/07\/Web-1.jpg\",\"datePublished\":\"2024-07-15T09:54:21+00:00\",\"dateModified\":\"2024-07-16T09:50:07+00:00\",\"breadcrumb\":{\"@id\":\"https:\/\/rytasvilnius.staging-lab.dev\/en\/jbr-klubas\/naryste\/#breadcrumb\"},\"inLanguage\":\"en-US\",\"potentialAction\":[{\"@type\":\"ReadAction\",\"target\":[\"https:\/\/rytasvilnius.staging-lab.dev\/en\/jbr-klubas\/naryste\/\"]}]},{\"@type\":\"ImageObject\",\"inLanguage\":\"en-US\",\"@id\":\"https:\/\/rytasvilnius.staging-lab.dev\/en\/jbr-klubas\/naryste\/#primaryimage\",\"url\":\"https:\/\/rytasvilnius.staging-lab.dev\/wp-content\/uploads\/sites\/2\/2024\/07\/Web-1.jpg\",\"contentUrl\":\"https:\/\/rytasvilnius.staging-lab.dev\/wp-content\/uploads\/sites\/2\/2024\/07\/Web-1.jpg\"},{\"@type\":\"BreadcrumbList\",\"@id\":\"https:\/\/rytasvilnius.staging-lab.dev\/en\/jbr-klubas\/naryste\/#breadcrumb\",\"itemListElement\":[{\"@type\":\"ListItem\",\"position\":1,\"name\":\"bcvilnius.lt\",\"item\":\"https:\/\/rytasvilnius.staging-lab.dev\/en\/\"},{\"@type\":\"ListItem\",\"position\":2,\"name\":\"JBR klubas\",\"item\":\"https:\/\/rytasvilnius.staging-lab.dev\/en\/jbr-klubas\/\"},{\"@type\":\"ListItem\",\"position\":3,\"name\":\"Naryst\u0117\"}]},{\"@type\":\"WebSite\",\"@id\":\"https:\/\/rytasvilnius.staging-lab.dev\/en\/#website\",\"url\":\"https:\/\/rytasvilnius.staging-lab.dev\/en\/\",\"name\":\"BC \u201eRytas\u201c\",\"description\":\"\",\"potentialAction\":[{\"@type\":\"SearchAction\",\"target\":{\"@type\":\"EntryPoint\",\"urlTemplate\":\"https:\/\/rytasvilnius.staging-lab.dev\/en\/?s={search_term_string}\"},\"query-input\":\"required name=search_term_string\"}],\"inLanguage\":\"en-US\"}]}<\/script>\n<!-- \/ Yoast SEO plugin. -->","yoast_head_json":{"title":"Naryst\u0117 - Vilniaus \u201eRYTAS\u201c","robots":{"index":"noindex","follow":"follow","max-snippet":"max-snippet:-1","max-image-preview":"max-image-preview:large","max-video-preview":"max-video-preview:-1"},"og_locale":"en_US","og_type":"article","og_title":"Naryst\u0117 - Vilniaus \u201eRYTAS\u201c","og_description":"Vilniaus \u201eRytas\u201c pradeda sezono JBR narys\u010di\u0173 prekyb\u0105. Vis\u0173 pirma savo vietas i\u0161saugoti gal\u0117s pernyk\u0161\u010diai JBR klubo nariai, o rugs\u0117jo 1 d. prasid\u0117s ir atvira prekyba. PIRKTI NARYST\u0118. U\u017edara prekyba U\u017edaroje prekyboje JBR klubo nariai u\u017e ma\u017eesn\u0119 kain\u0105 nei vie\u0161os prekybos metu gali prasit\u0119sti narystes \u012f tas pa\u010dias vietas, tur\u0117tas pra\u0117jus\u012f sezon\u0105. Norint patekti \u012f u\u017edar\u0105 [&hellip;]","og_url":"https:\/\/rytasvilnius.staging-lab.dev\/en\/jbr-klubas\/naryste\/","og_site_name":"Vilniaus \u201eRYTAS\u201c","article_modified_time":"2024-07-16T09:50:07+00:00","og_image":[{"url":"https:\/\/rytasvilnius.staging-lab.dev\/wp-content\/uploads\/sites\/2\/2024\/07\/Web-1.jpg"}],"twitter_card":"summary_large_image","twitter_misc":{"Est. reading time":"4 minutes"},"schema":{"@context":"https:\/\/schema.org","@graph":[{"@type":"WebPage","@id":"https:\/\/rytasvilnius.staging-lab.dev\/en\/jbr-klubas\/naryste\/","url":"https:\/\/rytasvilnius.staging-lab.dev\/en\/jbr-klubas\/naryste\/","name":"Naryst\u0117 - Vilniaus \u201eRYTAS\u201c","isPartOf":{"@id":"https:\/\/rytasvilnius.staging-lab.dev\/en\/#website"},"primaryImageOfPage":{"@id":"https:\/\/rytasvilnius.staging-lab.dev\/en\/jbr-klubas\/naryste\/#primaryimage"},"image":{"@id":"https:\/\/rytasvilnius.staging-lab.dev\/en\/jbr-klubas\/naryste\/#primaryimage"},"thumbnailUrl":"https:\/\/rytasvilnius.staging-lab.dev\/wp-content\/uploads\/sites\/2\/2024\/07\/Web-1.jpg","datePublished":"2024-07-15T09:54:21+00:00","dateModified":"2024-07-16T09:50:07+00:00","breadcrumb":{"@id":"https:\/\/rytasvilnius.staging-lab.dev\/en\/jbr-klubas\/naryste\/#breadcrumb"},"inLanguage":"en-US","potentialAction":[{"@type":"ReadAction","target":["https:\/\/rytasvilnius.staging-lab.dev\/en\/jbr-klubas\/naryste\/"]}]},{"@type":"ImageObject","inLanguage":"en-US","@id":"https:\/\/rytasvilnius.staging-lab.dev\/en\/jbr-klubas\/naryste\/#primaryimage","url":"https:\/\/rytasvilnius.staging-lab.dev\/wp-content\/uploads\/sites\/2\/2024\/07\/Web-1.jpg","contentUrl":"https:\/\/rytasvilnius.staging-lab.dev\/wp-content\/uploads\/sites\/2\/2024\/07\/Web-1.jpg"},{"@type":"BreadcrumbList","@id":"https:\/\/rytasvilnius.staging-lab.dev\/en\/jbr-klubas\/naryste\/#breadcrumb","itemListElement":[{"@type":"ListItem","position":1,"name":"bcvilnius.lt","item":"https:\/\/rytasvilnius.staging-lab.dev\/en\/"},{"@type":"ListItem","position":2,"name":"JBR klubas","item":"https:\/\/rytasvilnius.staging-lab.dev\/en\/jbr-klubas\/"},{"@type":"ListItem","position":3,"name":"Naryst\u0117"}]},{"@type":"WebSite","@id":"https:\/\/rytasvilnius.staging-lab.dev\/en\/#website","url":"https:\/\/rytasvilnius.staging-lab.dev\/en\/","name":"BC \u201eRytas\u201c","description":"","potentialAction":[{"@type":"SearchAction","target":{"@type":"EntryPoint","urlTemplate":"https:\/\/rytasvilnius.staging-lab.dev\/en\/?s={search_term_string}"},"query-input":"required name=search_term_string"}],"inLanguage":"en-US"}]}},"_links":{"self":[{"href":"https:\/\/rytasvilnius.staging-lab.dev\/en\/wp-json\/wp\/v2\/pages\/518","targetHints":{"allow":["GET"]}}],"collection":[{"href":"https:\/\/rytasvilnius.staging-lab.dev\/en\/wp-json\/wp\/v2\/pages"}],"about":[{"href":"https:\/\/rytasvilnius.staging-lab.dev\/en\/wp-json\/wp\/v2\/types\/page"}],"author":[{"embeddable":true,"href":"https:\/\/rytasvilnius.staging-lab.dev\/en\/wp-json\/wp\/v2\/users\/1"}],"replies":[{"embeddable":true,"href":"https:\/\/rytasvilnius.staging-lab.dev\/en\/wp-json\/wp\/v2\/comments?post=518"}],"version-history":[{"count":6,"href":"https:\/\/rytasvilnius.staging-lab.dev\/en\/wp-json\/wp\/v2\/pages\/518\/revisions"}],"predecessor-version":[{"id":680,"href":"https:\/\/rytasvilnius.staging-lab.dev\/en\/wp-json\/wp\/v2\/pages\/518\/revisions\/680"}],"up":[{"embeddable":true,"href":"https:\/\/rytasvilnius.staging-lab.dev\/en\/wp-json\/wp\/v2\/pages\/516"}],"wp:attachment":[{"href":"https:\/\/rytasvilnius.staging-lab.dev\/en\/wp-json\/wp\/v2\/media?parent=518"}],"curies":[{"name":"wp","href":"https:\/\/api.w.org\/{rel}","templated":true}]}}